{"id":2,"date":"2014-01-21T09:06:26","date_gmt":"2014-01-21T09:06:26","guid":{"rendered":"http:\/\/www.nauticadecor.com\/blog\/?page_id=2"},"modified":"2022-03-21T12:11:12","modified_gmt":"2022-03-21T10:11:12","slug":"sample-page","status":"publish","type":"page","link":"https:\/\/www.nauticadecor.com\/blog\/sample-page\/","title":{"rendered":"Aviso Legal"},"content":{"rendered":"<p><strong>Informaci\u00f3n general<\/strong><br \/>\nPara dar cumplimiento con lo establecido en la Ley 34\/2002, de 11 de julio, de servicios de la sociedad de la informaci\u00f3n y de comercio electr\u00f3nico, a continuaci\u00f3n se indican los datos de informaci\u00f3n general de este sitio web:<\/p>\n<p>&nbsp;<\/p>\n<ul>\n<li>Titular: CREZCO SOLUTIONS S.L.<\/li>\n<\/ul>\n<ul>\n<li>Direcci\u00f3n: C\/Orient, 78-84, Edifici Inbisa 1\u00aa Planta 08172 \u2013 Sant Cugat del Vall\u00e9s<\/li>\n<li>Contacto:\u00a0info@crezco-solutions.com o 931 448 960<\/li>\n<li>Datos Registrales: Registro Mercantil de Barcelona, Tomo 42211, folio 170, Hoja B 404242, inscripci\u00f3n 1.<\/li>\n<li>CIF:\u00a0 B-65424566<\/li>\n<\/ul>\n<p>&nbsp;<\/p>\n<p><strong>1-Usuarios;<\/strong><br \/>\nEl acceso a y\/o uso del Portal atribuye a quien lo realiza la condici\u00f3n de usuario, aceptando, desde ese mismo momento, plenamente y sin reservas alguna, las presentes Condiciones Generales as\u00ed como las Condiciones Particulares que, en su caso, complementen, modifiquen o sustituyan las Condiciones Generales en relaci\u00f3n con determinados servicios y contenidos del Portal.<\/p>\n<p><strong>2-Uso de la p\u00e1gina web, sus servicios y contenidos;<\/strong><br \/>\nEl usuario se compromete a utilizar el Web y sus servicios y contenidos sin contravenir la legislaci\u00f3n vigente, la buena fe, los usos generalmente aceptados y el orden p\u00fablico.<br \/>\nRespecto de los contenidos (informaciones, textos, gr\u00e1ficos, archivos de sonido y\/o imagen, fotograf\u00edas, dise\u00f1os, etc ), se proh\u00edbe:<\/p>\n<ul>\n<li>Su reproducci\u00f3n, distribuci\u00f3n o modificaci\u00f3n, a menos que se cuente con la autorizaci\u00f3n de sus leg\u00edtimos titulares o resulte legalmente permitido.<\/li>\n<li>Cualquier vulneraci\u00f3n de los derechos de NAUTICADECOR\u00a0 o de sus leg\u00edtimos titulares sobre los mismos.<\/li>\n<li>Su utilizaci\u00f3n para todo tipo de fines comerciales o publicitarios, distintos de los estrictamente permitidos.<\/li>\n<li>Cualquier intento de obtener los contenidos del Web por cualquier medio distinto de los que se pongan a disposici\u00f3n de los usuarios as\u00ed como de los que habitualmente se empleen en la red, siempre que no causen perjuicio alguno al Web de Nautica Decor.<\/li>\n<\/ul>\n<p><strong>3-Responsabilidad del usuario por da\u00f1os y perjuicios;<\/strong><br \/>\nEl uso del Web se realizar\u00e1 bajo la \u00fanica y exclusiva responsabilidad del Usuario. Dicha responsabilidad se extender\u00e1 al uso, por parte del usuario o de cualquier tercero, de cualesquiera contrase\u00f1a o similares asignadas para el acceso al Web o a cualesquiera de sus servicios.<\/p>\n<p><strong>4-Modificaci\u00f3n unilateral;<\/strong><br \/>\nNautica Decor podr\u00e1 modificar unilateralmente y sin previo aviso, siempre que lo considere oportuno, la estructura y dise\u00f1o del Web, as\u00ed como modificar o eliminar, los productos, los contenidos y las condiciones de acceso y\/o uso del Web.<\/p>\n<p><strong>5-Hiperenlaces;<\/strong><\/p>\n<p><strong><a name=\"privacidad\"><\/a>5.1.<\/strong><\/p>\n<p>Las personas o entidades que pretendan realizar o realicen un hiperenlace desde una p\u00e1gina web de otro portal de internet a cualquiera de las p\u00e1ginas de Nautica Decor deber\u00e1n someterse a las siguientes condiciones:<\/p>\n<ul>\n<li>No se permite la reproducci\u00f3n ni total ni parcial de ninguno de los servicios ni contenidos del sitio web de Nautica Decor.<\/li>\n<li>No se incluir\u00e1 ninguna manifestaci\u00f3n falsa, inexacta o incorrecta sobre las p\u00e1ginas de Nautica Decor ni sobre los servicios o contenidos del mismo.<\/li>\n<li>El establecimiento del \u201chiperenlace\u201d no implicar\u00e1 la existencia de relaciones entre Nautica Decor y el titular de la p\u00e1gina web o del portal desde el cual se realice, ni el conocimiento y aceptaci\u00f3n de Nautica Decor de los servicios y contenidos ofrecidos en dicho portal.<\/li>\n<li>Nautica Decor no ser\u00e1 responsable de los contenidos o servicios puestos a disposici\u00f3n del p\u00fablico en la p\u00e1gina web o portal desde el cual se realice el \u201chiperenlace\u201d ni de las informaciones y manifestaciones incluidas en las mismas.<\/li>\n<li>Cualquier \u201chiperenlace\u201d al sitio web de Nautica Decor se efectuar\u00e1 a su p\u00e1gina principal o p\u00e1ginas principales de las secciones que contiene.<\/li>\n<\/ul>\n<p><strong>5.2.<\/strong><\/p>\n<p>El sitio web de Nautica Decor no contiene conexiones y enlaces a otros sitios web gestionados y controlados por terceros. En caso de existir en un futuro, dichos enlaces tendr\u00edan como exclusiva funci\u00f3n la de facilitar a los usuarios la b\u00fasqueda de informaci\u00f3n, contenidos y servicios en Internet, sin que en ning\u00fan caso pueda considerarse una sugerencia, recomendaci\u00f3n o invitaci\u00f3n para la visita de los mismos.<\/p>\n<p><strong>6<a title=\"Protecci\u00f3n de datos\" href=\"http:\/\/www.crezco-solutions.com\/proteccion-de-datos\">&#8211;<\/a>Protecci\u00f3n de datos de car\u00e1cter personal;<\/strong><br \/>\nNautica Decor\u00a0 recaba en diversos formularios del Portal datos personales e informaci\u00f3n de los Usuarios para su almacenamiento y\/o utilizaci\u00f3n en relaci\u00f3n con dicho Usuario. Los datos facilitados por los Usuarios se incorporar\u00e1n a un fichero automatizado titularidad de la sociedad correspondiente (en adelante, el \u201cResponsable del Fichero\u201d). En cada uno de los formularios en los que se recaben datos de car\u00e1cter personal, el Usuario recibir\u00e1 del Responsable del Fichero informaci\u00f3n detallada sobre el tratamiento, su finalidad, el uso de sus datos, el car\u00e1cter obligatorio o facultativo de sus respuestas, las consecuencias de la negativa a proporcionarlos y, en general, de todas las menciones requeridas por la legislaci\u00f3n aplicable en materia de protecci\u00f3n de datos de car\u00e1cter personal, las cu\u00e1les, en todo caso, deber\u00e1n ser aceptadas expresamente por el Usuario. El Responsable del Fichero se compromete a tratar los datos de car\u00e1cter personal de los Usuarios de conformidad con lo establecido en la normativa aplicable y, en particular:<\/p>\n<ul>\n<li>a tratar confidencialmente los datos de car\u00e1cter personal del Usuario a los que tenga acceso como consecuencia de su navegaci\u00f3n en el Portal. No obstante, el Responsable del Fichero podr\u00e1 revelar los datos de car\u00e1cter personal y cualquier otra informaci\u00f3n del Usuario cuando le sea requerida por autoridades p\u00fablicas en el ejercicio de las funciones que tienen leg\u00edtimamente atribuidas y conforme a las disposiciones que resulten aplicables.<\/li>\n<li>a adoptar las medidas de seguridad de \u00edndole t\u00e9cnica y organizativas necesarias para evitar la alteraci\u00f3n, p\u00e9rdida y el tratamiento o acceso no autorizado a dichos datos. Sin perjuicio de ello, debido a las actuales condiciones de seguridad en Internet, el Responsable del Fichero no puede garantizar el uso il\u00edcito de la informaci\u00f3n de los Usuarios por parte de terceros. En consecuencia, ni Nautica Decor ni el Responsable del Fichero garantizan ni asumen responsabilidad alguna por los da\u00f1os y perjuicios, de cualquier naturaleza, que pudieran derivarse de alteraci\u00f3n, p\u00e9rdida, el tratamiento, acceso no autorizado o el uso il\u00edcito de la Informaci\u00f3n de los Usuarios por parte de terceros.<\/li>\n<\/ul>\n<p>El Usuario se compromete a mantener los datos proporcionados al Responsable del Fichero debidamente actualizados. El Usuario ser\u00e1 responsable de los da\u00f1os y perjuicios que Nautica Decor pudiera sufrir como consecuencia de la falta de veracidad, inexactitud, falta de vigencia y autenticidad de los datos facilitados.<\/p>\n<p><strong>7-Empleo de tecnolog\u00eda \u201ccookie\u201d;<\/strong><br \/>\nDescripci\u00f3n:\u00a0Las cookies constituyen una herramienta empleada por los servidores Web para almacenar y recuperar informaci\u00f3n acerca de sus visitantes. No es m\u00e1s que un fichero de texto que algunos servidores piden a nuestro navegador que escriba en nuestro disco duro, con informaci\u00f3n acerca de lo que hemos estado haciendo por sus p\u00e1ginas. Poseen una fecha de caducidad, que puede oscilar desde el tiempo que dure la sesi\u00f3n hasta una fecha futura especificada, a partir de la cual dejan de ser operativas. Para mayor informaci\u00f3n visita el site del Departamento de Tratamiento de la Informaci\u00f3n y Codificaci\u00f3n dependiente del Consejo Superior de Investigaciones Cient\u00edficas de Espa\u00f1a.\u00a0Cookies empleadas en el sitio de Nautica Decor:\u00a0Nautica Decor utiliza cookies para facilitar la navegaci\u00f3n por su sitio web. Las cookies empleadas en www.nauticadecor.com se asocian \u00fanicamente con un Usuario an\u00f3nimo y su ordenador, no proporcionan referencias que permitan deducir el nombre y apellidos del Usuario y no pueden leer datos de su disco duro ni incluir virus en sus textos.<br \/>\nEl usuario puede libremente decidir acerca de la implantaci\u00f3n o no en su disco duro de las cookies empleadas en www.nauticadecor.com.\u00a0En este sentido, el usuario puede configurar su navegador para aceptar o rechazar por defecto todas las cookies o para recibir un aviso en pantalla de la recepci\u00f3n de cada cookie y decidir en ese momento su implantaci\u00f3n o no en su disco duro.\u00a0 Para ello le sugerimos consultar la secci\u00f3n de ayuda de su navegador para saber c\u00f3mo cambiar la configuraci\u00f3n que actualmente emplea.\u00a0\u00a0En cualquier caso, el Usuario podr\u00e1 eliminar las cookies de www.nauticadecor.com implantadas en su disco duro en cualquier momento, siguiendo el procedimiento establecido en la secci\u00f3n de ayuda de su navegador.<\/p>\n<p><strong>8-Exclusi\u00f3n de garant\u00edas y responsabilidad;<\/strong><br \/>\nNautica Decor no otorga ninguna garant\u00eda\u00a0ni se hace responsable, en ning\u00fan caso, de los da\u00f1os y perjuicios de cualquier naturaleza que pudieran traer causa de:<\/p>\n<ul>\n<li>La falta disponibilidad, mantenimiento y efectivo funcionamiento del Web.<\/li>\n<li>El uso il\u00edcito, negligente, fraudulento, contrario a las presentes Condiciones Generales, a la buena fe, a los usos generalmente aceptados o al orden p\u00fablico, del Web, sus servicios o contenidos, por parte de los usuarios.<\/li>\n<\/ul>\n<p><strong>9-Duraci\u00f3n;<\/strong><br \/>\nLa duraci\u00f3n de la prestaci\u00f3n del servicio del Web y de los servicios es de car\u00e1cter indefinido.<br \/>\nSin perjuicio de lo anterior, Nautica Decor se reserva el derecho para, interrumpir, suspender o terminar la prestaci\u00f3n del servicio del Web o de cualquiera de los servicios que lo integran, en los mismos t\u00e9rminos que se recogen en la condici\u00f3n cuarta.<\/p>\n<p><strong>10-Propiedad Intelectual;<\/strong><\/p>\n<p>NAUTICADECOR es titular de los derechos de explotaci\u00f3n de propiedad intelectual e industrial de este sitio web. NAUTICADECOR tambi\u00e9n es titular de los derechos de propiedad intelectual, industrial y de imagen sobre los contenidos disponibles en este sitio web, o cuenta con la autorizaci\u00f3n necesaria para su utilizaci\u00f3n. El acceso, navegaci\u00f3n y uso de este sitio web por el usuario no implica en ning\u00fan caso renuncia, transmisi\u00f3n, licencia ni cesi\u00f3n total o parcial por parte de NAUTICADECOR de los citados derechos.<\/p>\n<p>En consecuencia, no est\u00e1 permitido suprimir, eludir o manipular el aviso de derechos de autor (\u201ccopyright\u201d) y cualesquiera otros datos de identificaci\u00f3n de los derechos de NAUTICADECOR o de sus titulares incorporados a los contenidos, as\u00ed como los dispositivos t\u00e9cnicos de protecci\u00f3n, las huellas digitales o cualesquiera mecanismos de informaci\u00f3n o de identificaci\u00f3n que pudieran formar parte de los contenidos.<\/p>\n<p>Igualmente queda prohibido reproducir, modificar, reutilizar, explotar, comunicar p\u00fablicamente, cargar archivos, enviar por correo, transmitir, usar, tratar o distribuir de cualquier forma la totalidad o parte de los contenidos incluidos en la p\u00e1gina web para prop\u00f3sitos publicitarios o comerciales, si no se cuenta con la autorizaci\u00f3n expresa y por escrito de NAUTICADECOR o, en su caso, del titular de los derechos que corresponda.<\/p>\n<p>A los efectos de preservar los posibles derechos de propiedad intelectual, en el caso de que cualquier usuario o un tercero considere que se ha producido una violaci\u00f3n de sus leg\u00edtimos derechos por la introducci\u00f3n de un determinado contenido en el Web, deber\u00e1 notificar dicha circunstancia a NAUTICADECOR indicando:<\/p>\n<ul>\n<li>Datos personales del interesado titular de los derechos presuntamente infringidos. Si la reclamaci\u00f3n la presenta un tercero distinto del interesado, deber\u00e1 indicar la representaci\u00f3n con la que act\u00faa.<\/li>\n<li>Indicaci\u00f3n de los contenidos protegidos por los derechos de propiedad intelectual y su ubicaci\u00f3n en el Web.<\/li>\n<li>Acreditaci\u00f3n de los citados derechos de propiedad intelectual.<\/li>\n<li>Declaraci\u00f3n expresa en la que el interesado se responsabiliza de la veracidad de las informaciones facilitadas en la notificaci\u00f3n.<\/li>\n<\/ul>\n<p><strong>11-Comunicaciones por escrito y notificaciones<\/strong><\/p>\n<p>La normativa aplicable exige que parte de la informaci\u00f3n o comunicaciones que le enviemos sean por escrito. Al usar el sitio web NAUTICADECOR.COM, Usted acepta que la mayor parte de las comunicaciones con nosotros se realicen por v\u00eda electr\u00f3nica.<\/p>\n<p>A efectos contractuales, Usted consiente en utilizar el correo electr\u00f3nico como medio de comunicaci\u00f3n y reconoce que todo contrato, notificaci\u00f3n, informaci\u00f3n y dem\u00e1s comunicaciones que le enviemos de forma electr\u00f3nica cumplen con los requisitos legales de ser por escrito. Esta condici\u00f3n no afectar\u00e1 a sus derechos reconocidos por ley.<\/p>\n<p>Las notificaciones que usted nos env\u00ede deber\u00e1n enviarse preferiblemente a trav\u00e9s de nuestro formulario de contacto. Con arreglo a lo anteriormente dispuesto y salvo que se estipule lo contrario, le podremos enviar comunicaciones bien al e-mail o bien a la direcci\u00f3n postal facilitada por usted a la hora de realizar un pedido.<\/p>\n<p>Se entender\u00e1 que las notificaciones han sido recibidas y han sido correctamente hechas en el mismo instante en que se publiquen en nuestro sitio web, 24 horas despu\u00e9s de haberse enviado un correo electr\u00f3nico, o tres d\u00edas despu\u00e9s de la fecha de franqueo de cualquier carta. Para probar que la notificaci\u00f3n ha sido hecha, ser\u00e1 suficiente con probar, en el caso de una carta, que ten\u00eda la direcci\u00f3n correcta, estaba correctamente sellada y que fue debidamente entregada en correos o en un buz\u00f3n y, en el caso de un correo electr\u00f3nico, que el mismo fue enviado a la direcci\u00f3n de correo electr\u00f3nico especificada por el receptor.<\/p>\n<p><strong>12-Derecho de desistimiento<\/strong><\/p>\n<p>Todos los productos comprados en NAUTICADECOR.COM podr\u00e1n ser devueltos y reembolsados, siempre que usted nos comunique su intenci\u00f3n de devolver el\/los producto\/s adquirido\/s dentro de un plazo m\u00e1ximo de 7 d\u00edas h\u00e1biles contados desde la fecha de entrega y que se cumplan el resto de las condiciones establecidas en este apartado.<\/p>\n<p>NAUTICADECOR.COM s\u00f3lo aceptar\u00e1 devoluciones que cumplan los siguientes requisitos:<\/p>\n<ol start=\"1\">\n<li>El producto debe estar en el mismo estado en que se entreg\u00f3 y deber\u00e1 conservar su embalaje y etiquetado original.<\/li>\n<li>El env\u00edo debe hacerse usando la misma caja protectora en que ha sido recibido para proteger el producto. Para el supuesto que no pueda hacerse con la caja protectora con la que se entreg\u00f3, el cliente deber\u00e1 devolverlo en una caja protectora con el fin de que el producto llegue al almac\u00e9n de NAUTICADECOR.COM con las m\u00e1ximas garant\u00edas posibles.<\/li>\n<li>Debe incluirse una copia del albar\u00e1n de entrega dentro del paquete, donde adem\u00e1s se marquen los productos devueltos y el motivo de la devoluci\u00f3n.<\/li>\n<\/ol>\n<p>Tras examinar el art\u00edculo le comunicaremos si tiene derecho a la devoluci\u00f3n de las cantidades abonadas, por el\/los art\u00edculos comprado\/s. Solo se devolver\u00e1 el importe del\/los art\u00edculo\/s, nunca el de los gastos de env\u00edo, reembolso y embalaje de regalo.<\/p>\n<p>La devoluci\u00f3n se efectuar\u00e1 lo antes posible y, en cualquier caso, dentro del plazo de 30 d\u00edas desde la fecha en que usted nos notific\u00f3 su intenci\u00f3n de desistir. Usted asumir\u00e1 el coste y riesgo de devolvernos los productos, tal y como se ha indicado anteriormente.<\/p>\n<p>No proceder\u00e1 el cambio o devoluci\u00f3n de aquellos productos que no est\u00e9n en las mismas condiciones en las que los recibi\u00f3, o que hayan sido usados m\u00e1s all\u00e1 de la mera apertura del producto. Tampoco se aceptar\u00e1 la devoluci\u00f3n de art\u00edculos personalizados.<\/p>\n<p>Esta disposici\u00f3n no afecta a los derechos reconocidos al consumidor por la legislaci\u00f3n vigente.<\/p>\n<p><strong>13-Accesibilidad;<\/strong><br \/>\nNautica Decor desea que todas las personas, independientemente de su discapacidad, condici\u00f3n o equipamiento tecnol\u00f3gico pueden acceder a un sitio web.\u00a0Para ello, ha tomado diversas medidas:<\/p>\n<ul>\n<li>Programaci\u00f3n del sitio siguiendo la recomendaci\u00f3n sobre las Hojas de Estilo en Cascada, Nivel 2, del W3C<\/li>\n<li>Orden l\u00f3gico de presentaci\u00f3n de los elementos en pantalla<\/li>\n<li>Texto alternativo en las im\u00e1genes<\/li>\n<\/ul>\n","protected":false},"excerpt":{"rendered":"<p>Informaci\u00f3n general Para dar cumplimiento con lo establecido en la Ley 34\/2002, de 11 de julio, de servicios de la.<\/p>\n","protected":false},"author":1,"featured_media":0,"parent":0,"menu_order":0,"comment_status":"closed","ping_status":"closed","template":"","meta":{"footnotes":""},"class_list":["post-2","page","type-page","status-publish","hentry"],"_links":{"self":[{"href":"https:\/\/www.nauticadecor.com\/blog\/wp-json\/wp\/v2\/pages\/2","targetHints":{"allow":["GET"]}}],"collection":[{"href":"https:\/\/www.nauticadecor.com\/blog\/wp-json\/wp\/v2\/pages"}],"about":[{"href":"https:\/\/www.nauticadecor.com\/blog\/wp-json\/wp\/v2\/types\/page"}],"author":[{"embeddable":true,"href":"https:\/\/www.nauticadecor.com\/blog\/wp-json\/wp\/v2\/users\/1"}],"replies":[{"embeddable":true,"href":"https:\/\/www.nauticadecor.com\/blog\/wp-json\/wp\/v2\/comments?post=2"}],"version-history":[{"count":2,"href":"https:\/\/www.nauticadecor.com\/blog\/wp-json\/wp\/v2\/pages\/2\/revisions"}],"predecessor-version":[{"id":965,"href":"https:\/\/www.nauticadecor.com\/blog\/wp-json\/wp\/v2\/pages\/2\/revisions\/965"}],"wp:attachment":[{"href":"https:\/\/www.nauticadecor.com\/blog\/wp-json\/wp\/v2\/media?parent=2"}],"curies":[{"name":"wp","href":"https:\/\/api.w.org\/{rel}","templated":true}]}}